{"id":1463,"date":"2024-05-25T16:05:29","date_gmt":"2024-05-25T14:05:29","guid":{"rendered":"https:\/\/niveb.com\/?page_id=1463"},"modified":"2024-07-17T16:41:53","modified_gmt":"2024-07-17T14:41:53","slug":"praktische-informatie-2","status":"publish","type":"page","link":"https:\/\/niveb.com\/de_de\/praktische-informatie-2\/","title":{"rendered":"Kontakt"},"content":{"rendered":"<div data-elementor-type=\"wp-page\" data-elementor-id=\"1463\" class=\"elementor elementor-1463\" data-elementor-post-type=\"page\">\n\t\t\t\t\t\t<section class=\"elementor-section elementor-top-section elementor-element elementor-element-8fbfcb8 elementor-section-boxed elementor-section-height-default elementor-section-height-default\" data-id=\"8fbfcb8\" data-element_type=\"section\">\n\t\t\t\t\t\t<div class=\"elementor-container elementor-column-gap-default\">\n\t\t\t\t\t<div class=\"elementor-column elementor-col-100 elementor-top-column elementor-element elementor-element-8cd6242\" data-id=\"8cd6242\" data-element_type=\"column\">\n\t\t\t<div class=\"elementor-widget-wrap elementor-element-populated\">\n\t\t\t\t\t\t<section class=\"elementor-section elementor-inner-section elementor-element elementor-element-3ab9307 elementor-section-height-min-height elementor-section-boxed elementor-section-height-default\" data-id=\"3ab9307\" data-element_type=\"section\" data-settings=\"{&quot;background_background&quot;:&quot;classic&quot;}\">\n\t\t\t\t\t\t<div class=\"elementor-container elementor-column-gap-default\">\n\t\t\t\t\t<div class=\"elementor-column elementor-col-100 elementor-inner-column elementor-element elementor-element-e74cb3d\" data-id=\"e74cb3d\" data-element_type=\"column\">\n\t\t\t<div class=\"elementor-widget-wrap\">\n\t\t\t\t\t\t\t<\/div>\n\t\t<\/div>\n\t\t\t\t\t<\/div>\n\t\t<\/section>\n\t\t\t\t\t<\/div>\n\t\t<\/div>\n\t\t\t\t\t<\/div>\n\t\t<\/section>\n\t\t\t\t<section class=\"elementor-section elementor-top-section elementor-element elementor-element-773abb2 elementor-section-boxed elementor-section-height-default elementor-section-height-default\" data-id=\"773abb2\" data-element_type=\"section\">\n\t\t\t\t\t\t<div class=\"elementor-container elementor-column-gap-default\">\n\t\t\t\t\t<div class=\"elementor-column elementor-col-50 elementor-top-column elementor-element elementor-element-2116a01\" data-id=\"2116a01\" data-element_type=\"column\">\n\t\t\t<div class=\"elementor-widget-wrap elementor-element-populated\">\n\t\t\t\t\t\t<div class=\"elementor-element elementor-element-b90d43d elementor-widget elementor-widget-heading\" data-id=\"b90d43d\" data-element_type=\"widget\" data-widget_type=\"heading.default\">\n\t\t\t\t<div class=\"elementor-widget-container\">\n\t\t\t<h2 class=\"elementor-heading-title elementor-size-default\">Kontaktieren Sie Niveb\n<\/h2>\t\t<\/div>\n\t\t\t\t<\/div>\n\t\t\t\t<div class=\"elementor-element elementor-element-1ae9490 elementor-widget-divider--separator-type-pattern elementor-widget-divider--view-line elementor-widget elementor-widget-divider\" data-id=\"1ae9490\" data-element_type=\"widget\" data-widget_type=\"divider.default\">\n\t\t\t\t<div class=\"elementor-widget-container\">\n\t\t\t\t\t<div class=\"elementor-divider\" style=\"--divider-pattern-url: url(&quot;data:image\/svg+xml,%3Csvg xmlns=&#039;http:\/\/www.w3.org\/2000\/svg&#039; preserveAspectRatio=&#039;none&#039; overflow=&#039;visible&#039; height=&#039;100%&#039; viewBox=&#039;0 0 24 24&#039; fill=&#039;none&#039; stroke=&#039;black&#039; stroke-width=&#039;3&#039; stroke-linecap=&#039;square&#039; stroke-miterlimit=&#039;10&#039;%3E%3Cpath d=&#039;M0,6c6,0,6,13,12,13S18,6,24,6&#039;\/%3E%3C\/svg%3E&quot;);\">\n\t\t\t<span class=\"elementor-divider-separator\">\n\t\t\t\t\t\t<\/span>\n\t\t<\/div>\n\t\t\t\t<\/div>\n\t\t\t\t<\/div>\n\t\t\t\t<div class=\"elementor-element elementor-element-c91e2cd elementor-widget elementor-widget-text-editor\" data-id=\"c91e2cd\" data-element_type=\"widget\" data-widget_type=\"text-editor.default\">\n\t\t\t\t<div class=\"elementor-widget-container\">\n\t\t\t\t\t\t\t<p>Wir sind bereit, all Ihre Fragen zu beantworten und Ihnen zu helfen, die richtige Schulung oder Ausbildung zu finden. Ob Sie mehr \u00fcber unsere Kinaesthetics-Programme erfahren m\u00f6chten, Informationen zu Anmeldeverfahren ben\u00f6tigen oder allgemeine Ausk\u00fcnfte suchen, z\u00f6gern Sie nicht, uns zu kontaktieren.<\/p>\t\t\t\t\t\t<\/div>\n\t\t\t\t<\/div>\n\t\t\t\t\t<\/div>\n\t\t<\/div>\n\t\t\t\t<div class=\"elementor-column elementor-col-50 elementor-top-column elementor-element elementor-element-0eb5d8d\" data-id=\"0eb5d8d\" data-element_type=\"column\">\n\t\t\t<div class=\"elementor-widget-wrap elementor-element-populated\">\n\t\t\t\t\t\t<div class=\"elementor-element elementor-element-c40039b elementor-widget elementor-widget-text-editor\" data-id=\"c40039b\" data-element_type=\"widget\" data-widget_type=\"text-editor.default\">\n\t\t\t\t<div class=\"elementor-widget-container\">\n\t\t\t\t\t\t\t<p><strong>Niveb<\/strong><br \/>Molenbeek 112<br \/>5932SL Tegelen<br \/>Niederlande<\/p><p>T: <a href=\"tel:0031773200206\">+31 (0)77 320 02 06<\/a><br \/>E-mail: <a href=\"mailto:info@niveb.com\">info@niveb.com<\/a><\/p>\t\t\t\t\t\t<\/div>\n\t\t\t\t<\/div>\n\t\t\t\t\t<\/div>\n\t\t<\/div>\n\t\t\t\t\t<\/div>\n\t\t<\/section>\n\t\t\t\t<\/div>","protected":false},"excerpt":{"rendered":"<p>Neem contact op met Niveb We staan klaar om al je vragen te beantwoorden en je te helpen bij het vinden van de juiste scholing of training. Of je nu meer wilt weten over onze kinesthetics programma\u2019s, inschrijvingsprocedures of algemene informatie zoekt, aarzel niet om contact met ons op te nemen. NivebMolenbeek 1125932SL TegelenNederland T: [&hellip;]<\/p>","protected":false},"author":1,"featured_media":0,"parent":0,"menu_order":0,"comment_status":"closed","ping_status":"closed","template":"elementor_header_footer","meta":{"footnotes":""},"class_list":["post-1463","page","type-page","status-publish","hentry"],"_links":{"self":[{"href":"https:\/\/niveb.com\/de_de\/wp-json\/wp\/v2\/pages\/1463"}],"collection":[{"href":"https:\/\/niveb.com\/de_de\/wp-json\/wp\/v2\/pages"}],"about":[{"href":"https:\/\/niveb.com\/de_de\/wp-json\/wp\/v2\/types\/page"}],"author":[{"embeddable":true,"href":"https:\/\/niveb.com\/de_de\/wp-json\/wp\/v2\/users\/1"}],"replies":[{"embeddable":true,"href":"https:\/\/niveb.com\/de_de\/wp-json\/wp\/v2\/comments?post=1463"}],"version-history":[{"count":28,"href":"https:\/\/niveb.com\/de_de\/wp-json\/wp\/v2\/pages\/1463\/revisions"}],"predecessor-version":[{"id":1588,"href":"https:\/\/niveb.com\/de_de\/wp-json\/wp\/v2\/pages\/1463\/revisions\/1588"}],"wp:attachment":[{"href":"https:\/\/niveb.com\/de_de\/wp-json\/wp\/v2\/media?parent=1463"}],"curies":[{"name":"wp","href":"https:\/\/api.w.org\/{rel}","templated":true}]}}