{"id":258,"date":"2017-09-01T16:22:53","date_gmt":"2017-09-01T14:22:53","guid":{"rendered":"https:\/\/niveb.com\/?page_id=258"},"modified":"2024-07-18T09:21:56","modified_gmt":"2024-07-18T07:21:56","slug":"praktische-informatie","status":"publish","type":"page","link":"https:\/\/niveb.com\/de_de\/praktische-informatie\/","title":{"rendered":"Informationen"},"content":{"rendered":"<div data-elementor-type=\"wp-page\" data-elementor-id=\"258\" class=\"elementor elementor-258\" data-elementor-post-type=\"page\">\n\t\t\t\t\t\t<section class=\"elementor-section elementor-top-section elementor-element elementor-element-8fbfcb8 elementor-section-boxed elementor-section-height-default elementor-section-height-default\" data-id=\"8fbfcb8\" data-element_type=\"section\">\n\t\t\t\t\t\t<div class=\"elementor-container elementor-column-gap-default\">\n\t\t\t\t\t<div class=\"elementor-column elementor-col-100 elementor-top-column elementor-element elementor-element-8cd6242\" data-id=\"8cd6242\" data-element_type=\"column\">\n\t\t\t<div class=\"elementor-widget-wrap elementor-element-populated\">\n\t\t\t\t\t\t<section class=\"elementor-section elementor-inner-section elementor-element elementor-element-3ab9307 elementor-section-boxed elementor-section-height-default elementor-section-height-default\" data-id=\"3ab9307\" data-element_type=\"section\" data-settings=\"{&quot;background_background&quot;:&quot;classic&quot;}\">\n\t\t\t\t\t\t<div class=\"elementor-container elementor-column-gap-default\">\n\t\t\t\t\t<div class=\"elementor-column elementor-col-50 elementor-inner-column elementor-element elementor-element-f294fc8\" data-id=\"f294fc8\" data-element_type=\"column\" data-settings=\"{&quot;background_background&quot;:&quot;classic&quot;}\">\n\t\t\t<div class=\"elementor-widget-wrap elementor-element-populated\">\n\t\t\t\t\t\t<div class=\"elementor-element elementor-element-bcc1eee nomargin-h2 elementor-widget elementor-widget-heading\" data-id=\"bcc1eee\" data-element_type=\"widget\" data-widget_type=\"heading.default\">\n\t\t\t\t<div class=\"elementor-widget-container\">\n\t\t\t<h1 class=\"elementor-heading-title elementor-size-default\">\"Bewegungssensorik f\u00fcr den Gesundheitssektor<\/h1>\t\t<\/div>\n\t\t\t\t<\/div>\n\t\t\t\t<div class=\"elementor-element elementor-element-4893640 elementor-widget elementor-widget-text-editor\" data-id=\"4893640\" data-element_type=\"widget\" data-widget_type=\"text-editor.default\">\n\t\t\t\t<div class=\"elementor-widget-container\">\n\t\t\t\t\t\t\t<p>Niveb ist der Spezialist f\u00fcr Kinaesthetics im Pflegebereich. Wir bieten hochwertige Schulungen und Trainings an, die Pflegekr\u00e4ften helfen, Bewegungstechniken zu optimieren. Durch diesen innovativen Ansatz verbessern wir nicht nur die Pflegequalit\u00e4t, sondern f\u00f6rdern auch das Wohlbefinden und die Mobilit\u00e4t der Patienten. Entdecken Sie, wie Niveb-Kinaesthetics einen Unterschied in Ihrer Pflegepraxis machen kann, mit der Expertise und Unterst\u00fctzung von Niveb. Gemeinsam in Bewegung f\u00fcr eine gesunde Pflege.<\/p>\t\t\t\t\t\t<\/div>\n\t\t\t\t<\/div>\n\t\t\t\t\t<\/div>\n\t\t<\/div>\n\t\t\t\t<div class=\"elementor-column elementor-col-50 elementor-inner-column elementor-element elementor-element-e74cb3d\" data-id=\"e74cb3d\" data-element_type=\"column\">\n\t\t\t<div class=\"elementor-widget-wrap\">\n\t\t\t\t\t\t\t<\/div>\n\t\t<\/div>\n\t\t\t\t\t<\/div>\n\t\t<\/section>\n\t\t\t\t\t<\/div>\n\t\t<\/div>\n\t\t\t\t\t<\/div>\n\t\t<\/section>\n\t\t\t\t<section class=\"elementor-section elementor-top-section elementor-element elementor-element-773abb2 elementor-section-boxed elementor-section-height-default elementor-section-height-default\" data-id=\"773abb2\" data-element_type=\"section\">\n\t\t\t\t\t\t<div class=\"elementor-container elementor-column-gap-default\">\n\t\t\t\t\t<div class=\"elementor-column elementor-col-100 elementor-top-column elementor-element elementor-element-2116a01\" data-id=\"2116a01\" data-element_type=\"column\">\n\t\t\t<div class=\"elementor-widget-wrap elementor-element-populated\">\n\t\t\t\t\t\t<div class=\"elementor-element elementor-element-b90d43d elementor-widget elementor-widget-heading\" data-id=\"b90d43d\" data-element_type=\"widget\" data-widget_type=\"heading.default\">\n\t\t\t\t<div class=\"elementor-widget-container\">\n\t\t\t<h2 class=\"elementor-heading-title elementor-size-default\">\u00dcber Niveb\n\n<\/h2>\t\t<\/div>\n\t\t\t\t<\/div>\n\t\t\t\t<div class=\"elementor-element elementor-element-1ae9490 elementor-widget-divider--separator-type-pattern elementor-widget-divider--view-line elementor-widget elementor-widget-divider\" data-id=\"1ae9490\" data-element_type=\"widget\" data-widget_type=\"divider.default\">\n\t\t\t\t<div class=\"elementor-widget-container\">\n\t\t\t\t\t<div class=\"elementor-divider\" style=\"--divider-pattern-url: url(&quot;data:image\/svg+xml,%3Csvg xmlns=&#039;http:\/\/www.w3.org\/2000\/svg&#039; preserveAspectRatio=&#039;none&#039; overflow=&#039;visible&#039; height=&#039;100%&#039; viewBox=&#039;0 0 24 24&#039; fill=&#039;none&#039; stroke=&#039;black&#039; stroke-width=&#039;3&#039; stroke-linecap=&#039;square&#039; stroke-miterlimit=&#039;10&#039;%3E%3Cpath d=&#039;M0,6c6,0,6,13,12,13S18,6,24,6&#039;\/%3E%3C\/svg%3E&quot;);\">\n\t\t\t<span class=\"elementor-divider-separator\">\n\t\t\t\t\t\t<\/span>\n\t\t<\/div>\n\t\t\t\t<\/div>\n\t\t\t\t<\/div>\n\t\t\t\t<div class=\"elementor-element elementor-element-c91e2cd elementor-widget elementor-widget-text-editor\" data-id=\"c91e2cd\" data-element_type=\"widget\" data-widget_type=\"text-editor.default\">\n\t\t\t\t<div class=\"elementor-widget-container\">\n\t\t\t\t\t\t\t<p><span style=\"color: var( --e-global-color-text ); font-size: 1rem;\">Niveb ist ein f\u00fchrendes Institut, das sich auf die Bereitstellung hochwertiger Schulungen und Trainings im Gesundheits- und Sozialwesen konzentriert. Mit einem Fokus auf innovative und praxisorientierte Ans\u00e4tze, wie Kinaesthetics, unterst\u00fctzt Niveb Pflegefachkr\u00e4fte bei ihrer beruflichen Entwicklung und der Verbesserung der Pflegequalit\u00e4t.<\/span><\/p>\t\t\t\t\t\t<\/div>\n\t\t\t\t<\/div>\n\t\t\t\t\t<\/div>\n\t\t<\/div>\n\t\t\t\t\t<\/div>\n\t\t<\/section>\n\t\t\t\t<section class=\"elementor-section elementor-top-section elementor-element elementor-element-70895e5 elementor-section-boxed elementor-section-height-default elementor-section-height-default\" data-id=\"70895e5\" data-element_type=\"section\">\n\t\t\t\t\t\t<div class=\"elementor-container elementor-column-gap-default\">\n\t\t\t\t\t<div class=\"elementor-column elementor-col-100 elementor-top-column elementor-element elementor-element-104c173\" data-id=\"104c173\" data-element_type=\"column\">\n\t\t\t<div class=\"elementor-widget-wrap elementor-element-populated\">\n\t\t\t\t\t\t<div class=\"elementor-element elementor-element-8d2e5bd elementor-widget elementor-widget-heading\" data-id=\"8d2e5bd\" data-element_type=\"widget\" data-widget_type=\"heading.default\">\n\t\t\t\t<div class=\"elementor-widget-container\">\n\t\t\t<h2 class=\"elementor-heading-title elementor-size-default\">Norbert Hattink: Die treibende Kraft hinter Niveb<\/h2>\t\t<\/div>\n\t\t\t\t<\/div>\n\t\t\t\t<div class=\"elementor-element elementor-element-798c93c elementor-widget-divider--separator-type-pattern elementor-widget-divider--view-line elementor-widget elementor-widget-divider\" data-id=\"798c93c\" data-element_type=\"widget\" data-widget_type=\"divider.default\">\n\t\t\t\t<div class=\"elementor-widget-container\">\n\t\t\t\t\t<div class=\"elementor-divider\" style=\"--divider-pattern-url: url(&quot;data:image\/svg+xml,%3Csvg xmlns=&#039;http:\/\/www.w3.org\/2000\/svg&#039; preserveAspectRatio=&#039;none&#039; overflow=&#039;visible&#039; height=&#039;100%&#039; viewBox=&#039;0 0 24 24&#039; fill=&#039;none&#039; stroke=&#039;black&#039; stroke-width=&#039;3&#039; stroke-linecap=&#039;square&#039; stroke-miterlimit=&#039;10&#039;%3E%3Cpath d=&#039;M0,6c6,0,6,13,12,13S18,6,24,6&#039;\/%3E%3C\/svg%3E&quot;);\">\n\t\t\t<span class=\"elementor-divider-separator\">\n\t\t\t\t\t\t<\/span>\n\t\t<\/div>\n\t\t\t\t<\/div>\n\t\t\t\t<\/div>\n\t\t\t\t<div class=\"elementor-element elementor-element-f185040 elementor-widget elementor-widget-text-editor\" data-id=\"f185040\" data-element_type=\"widget\" data-widget_type=\"text-editor.default\">\n\t\t\t\t<div class=\"elementor-widget-container\">\n\t\t\t\t\t\t\t<p><span style=\"color: var( --e-global-color-text ); font-size: 1rem;\">Norbert Hattink, der Gr\u00fcnder und Inhaber von Niveb, ist ein leidenschaftlicher und erfahrener Fachmann im Pflegebereich. Mit einem Hintergrund als Physiotherapeut und Dozent verf\u00fcgt Norbert \u00fcber tiefgehende Kenntnisse und Einblicke in sowohl die Theorie als auch die Praxis der Pflege. Seine Hingabe zur Verbesserung der Pflegemethoden und seine innovative Vision f\u00fchrten zur Gr\u00fcndung von Niveb.<\/span><\/p><p>Norbert ist bekannt f\u00fcr sein Engagement und seine Begeisterung f\u00fcr das Fachgebiet. Seine Philosophie dreht sich darum, Pflegekr\u00e4fte durch Bildung und praktische Schulung zu bef\u00e4higen, damit sie besser in der Lage sind, ihren Patienten zu helfen. Durch seine langj\u00e4hrige Erfahrung und Expertise ist er in der Lage, inspirierende und effektive Trainingsprogramme zu entwickeln, die den Bed\u00fcrfnissen der Pflegefachkr\u00e4fte entsprechen.<\/p><p>Unter der Leitung von Norbert Hattink hat sich Niveb zu einem vertrauensw\u00fcrdigen und gesch\u00e4tzten Institut in der Pflegegemeinschaft entwickelt. Seine Vision und F\u00fchrung bleiben die treibende Kraft hinter dem kontinuierlichen Wachstum und der Innovation von Niveb, wodurch das Institut eine wichtige Rolle in der Professionalisierung des Pflegebereichs spielt.<\/p><p>Mit Norbert an der Spitze k\u00f6nnen die Kursteilnehmer darauf vertrauen, dass sie nicht nur wertvolles Wissen und F\u00e4higkeiten erwerben, sondern auch von einem Leader inspiriert werden, der Leidenschaft und Professionalit\u00e4t hochh\u00e4lt.<\/p>\t\t\t\t\t\t<\/div>\n\t\t\t\t<\/div>\n\t\t\t\t\t<\/div>\n\t\t<\/div>\n\t\t\t\t\t<\/div>\n\t\t<\/section>\n\t\t\t\t<\/div>","protected":false},"excerpt":{"rendered":"<p>Bewegings-sensoriek voor de Zorgsector Niveb is de specialist in kinaesthetics voor de zorgsector. Wij bieden hoogwaardige trainingen en scholingen die zorgverleners helpen om bewegingstechnieken te optimaliseren. Door deze innovatieve benadering verbeteren we niet alleen de zorgkwaliteit, maar bevorderen we ook het welzijn en de mobiliteit van pati\u00ebnten. Ontdek hoe Niveb-Kinaesthetics een verschil kan maken in [&hellip;]<\/p>","protected":false},"author":1,"featured_media":0,"parent":0,"menu_order":0,"comment_status":"closed","ping_status":"closed","template":"elementor_header_footer","meta":{"footnotes":""},"class_list":["post-258","page","type-page","status-publish","hentry"],"_links":{"self":[{"href":"https:\/\/niveb.com\/de_de\/wp-json\/wp\/v2\/pages\/258"}],"collection":[{"href":"https:\/\/niveb.com\/de_de\/wp-json\/wp\/v2\/pages"}],"about":[{"href":"https:\/\/niveb.com\/de_de\/wp-json\/wp\/v2\/types\/page"}],"author":[{"embeddable":true,"href":"https:\/\/niveb.com\/de_de\/wp-json\/wp\/v2\/users\/1"}],"replies":[{"embeddable":true,"href":"https:\/\/niveb.com\/de_de\/wp-json\/wp\/v2\/comments?post=258"}],"version-history":[{"count":72,"href":"https:\/\/niveb.com\/de_de\/wp-json\/wp\/v2\/pages\/258\/revisions"}],"predecessor-version":[{"id":1600,"href":"https:\/\/niveb.com\/de_de\/wp-json\/wp\/v2\/pages\/258\/revisions\/1600"}],"wp:attachment":[{"href":"https:\/\/niveb.com\/de_de\/wp-json\/wp\/v2\/media?parent=258"}],"curies":[{"name":"wp","href":"https:\/\/api.w.org\/{rel}","templated":true}]}}