{"id":1647,"date":"2025-12-16T14:17:39","date_gmt":"2025-12-16T13:17:39","guid":{"rendered":"https:\/\/niveb.com\/?post_type=product&#038;p=1647"},"modified":"2025-12-16T15:13:44","modified_gmt":"2025-12-16T14:13:44","slug":"niveb-kinaesthetics-basiscursus-2026-09-15","status":"publish","type":"product","link":"https:\/\/niveb.com\/de_de\/produkt\/niveb-kinaesthetics-basiscursus-2026-09-15\/","title":{"rendered":"Niveb-Kinaesthetics Basiscursus 2026-09-15 M\u00f6nchengladbach"},"content":{"rendered":"<p class=\" translation-block\">Du arbeitest in einem Beruf, in dem Menschen und ihre Bewegungen im Mittelpunkt stehen. Oder du musst in der Pflege schwere k\u00f6rperliche Arbeit verrichten, wie das Heben und Tragen von Patienten.<\/p>\n<p class=\" translation-block\">Im Basiskurs Niveb-Kinaesthetics lernst du, wie du deine Arbeit leichter ausf\u00fchren kannst, ohne Menschen heben zu m\u00fcssen. Indem du bewusster arbeitest und gezielt deine Bewegungen ver\u00e4nderst, machst du nicht nur deine Arbeit einfacher, sondern respektierst auch die (Un)F\u00e4higkeiten deines Klienten\/Patienten. So hilfst du dem Patienten, seine F\u00e4higkeiten und die Kontrolle \u00fcber sein Handeln zur\u00fcckzugewinnen. Anstatt AM Patienten zu arbeiten, lernst du, MIT deinem Patienten zusammenzuarbeiten.<\/p>\n<p class=\" translation-block\">Dies tr\u00e4gt zu einer ganzheitlichen und gesundheitsf\u00f6rdernden Arbeitsweise bei. Niveb-Kinaesthetics lehrt dich, deine Arbeit aus einer anderen Perspektive zu betrachten und selbst kreative L\u00f6sungen zu finden. Du \u00fcbernimmst wieder Verantwortung f\u00fcr dein eigenes Handeln. Der Basiskurs von Niveb-Kinaesthetics basiert auf aktuellen, wissenschaftlich fundierten Erkenntnissen.<\/p>\n<p>Der Kurs ist eine lebendige Mischung aus Theorie, pers\u00f6nlichen Erfahrungen, Partnererfahrungen und Praxisbeispielen.<\/p>","protected":false},"excerpt":{"rendered":"<p>Je werkt in een beroep waar mensen en hun beweging centraal staan. Of je moet binnen de zorg zwaar lichamelijk werk doen, tillen en dragen van pati\u00ebnten. In de basiscursus Niveb-Kinaesthetics leer je hoe je je werk gemakkelijker kunt uitvoeren en geen mensen meer hoeft te tillen. Door bewuster te werken en doelgericht \u00a0je bewegingen [&hellip;]<\/p>","protected":false},"author":22,"featured_media":1643,"template":"","meta":[],"product_cat":[23,24,21,373],"product_tag":[],"class_list":{"0":"post-1647","1":"product","2":"type-product","3":"status-publish","4":"has-post-thumbnail","6":"product_cat-ergotherapie","7":"product_cat-fysiotherapie","8":"product_cat-patiententransfer","9":"product_cat-verpleegkundige","11":"first","12":"instock","13":"virtual","14":"purchasable","15":"product-type-simple"},"_links":{"self":[{"href":"https:\/\/niveb.com\/de_de\/wp-json\/wp\/v2\/product\/1647"}],"collection":[{"href":"https:\/\/niveb.com\/de_de\/wp-json\/wp\/v2\/product"}],"about":[{"href":"https:\/\/niveb.com\/de_de\/wp-json\/wp\/v2\/types\/product"}],"author":[{"embeddable":true,"href":"https:\/\/niveb.com\/de_de\/wp-json\/wp\/v2\/users\/22"}],"wp:featuredmedia":[{"embeddable":true,"href":"https:\/\/niveb.com\/de_de\/wp-json\/wp\/v2\/media\/1643"}],"wp:attachment":[{"href":"https:\/\/niveb.com\/de_de\/wp-json\/wp\/v2\/media?parent=1647"}],"wp:term":[{"taxonomy":"product_cat","embeddable":true,"href":"https:\/\/niveb.com\/de_de\/wp-json\/wp\/v2\/product_cat?post=1647"},{"taxonomy":"product_tag","embeddable":true,"href":"https:\/\/niveb.com\/de_de\/wp-json\/wp\/v2\/product_tag?post=1647"}],"curies":[{"name":"wp","href":"https:\/\/api.w.org\/{rel}","templated":true}]}}